{"id":31,"date":"2018-06-20T21:10:00","date_gmt":"2018-06-20T21:10:00","guid":{"rendered":"http:\/\/claroharp.com\/?page_id=31"},"modified":"2018-06-21T13:45:00","modified_gmt":"2018-06-21T13:45:00","slug":"home","status":"publish","type":"page","link":"https:\/\/claroharp.com\/","title":{"rendered":"About"},"content":{"rendered":"<p>Asuncion Claro has for over 40 years pursued both classical and contemporary music, with her outstanding qualifications as harpist and musician giving her countless appearances all over the world. She studied with ao. Pierre Jamet and has been student at Hochschule f\u00fcr Musik in M\u00fcnchen, Conservatoire National Superi\u00e8ure de Musique \u00e0 Paris, and The Royal Danish Music Conservatory.<\/p>\n<p>Having released over 20 recordings on a variety of labels such as CBS, Sony-Classical, and Naxos, her interpretation of the standard repertoire and her contribution to its expansion is readily available.<\/p>\n","protected":false},"excerpt":{"rendered":"<p>Asuncion Claro has for over 40 years pursued both classical and contemporary music, with her outstanding qualifications as harpist and musician giving her countless appearances all over the world. She studied with ao. Pierre Jamet and has been student at Hochschule f\u00fcr Musik in M\u00fcnchen, Conservatoire National Superi\u00e8ure de Musique \u00e0 Paris, and The Royal &hellip; <\/p>\n<p class=\"link-more\"><a href=\"https:\/\/claroharp.com\/\" class=\"more-link\">Continue reading<span class=\"screen-reader-text\"> &#8220;About&#8221;<\/span><\/a><\/p>\n","protected":false},"author":1,"featured_media":79,"parent":0,"menu_order":0,"comment_status":"closed","ping_status":"closed","template":"","meta":[],"_links":{"self":[{"href":"https:\/\/claroharp.com\/index.php?rest_route=\/wp\/v2\/pages\/31"}],"collection":[{"href":"https:\/\/claroharp.com\/index.php?rest_route=\/wp\/v2\/pages"}],"about":[{"href":"https:\/\/claroharp.com\/index.php?rest_route=\/wp\/v2\/types\/page"}],"author":[{"embeddable":true,"href":"https:\/\/claroharp.com\/index.php?rest_route=\/wp\/v2\/users\/1"}],"replies":[{"embeddable":true,"href":"https:\/\/claroharp.com\/index.php?rest_route=%2Fwp%2Fv2%2Fcomments&post=31"}],"version-history":[{"count":7,"href":"https:\/\/claroharp.com\/index.php?rest_route=\/wp\/v2\/pages\/31\/revisions"}],"predecessor-version":[{"id":88,"href":"https:\/\/claroharp.com\/index.php?rest_route=\/wp\/v2\/pages\/31\/revisions\/88"}],"wp:featuredmedia":[{"embeddable":true,"href":"https:\/\/claroharp.com\/index.php?rest_route=\/wp\/v2\/media\/79"}],"wp:attachment":[{"href":"https:\/\/claroharp.com\/index.php?rest_route=%2Fwp%2Fv2%2Fmedia&parent=31"}],"curies":[{"name":"wp","href":"https:\/\/api.w.org\/{rel}","templated":true}]}}